{"id":10,"date":"2023-05-30T12:20:57","date_gmt":"2023-05-30T12:20:57","guid":{"rendered":"http:\/\/193.194.89.179\/wp_lamcdro\/?page_id=10"},"modified":"2024-10-06T12:48:19","modified_gmt":"2024-10-06T12:48:19","slug":"equipes-de-recherche","status":"publish","type":"page","link":"https:\/\/lamcdro.usthb.dz\/index.php\/equipes-de-recherche\/","title":{"rendered":"Equipes de recherche"},"content":{"rendered":"\n<blockquote class=\"wp-block-quote has-white-background-color has-background is-layout-flow wp-block-quote-is-layout-flow\">\n<ul class=\"has-background wp-block-list\" style=\"background:linear-gradient(135deg,rgb(255,245,203) 0%,rgb(182,227,212) 50%,rgb(44,159,156) 100%)\">\n<li><a href=\"https:\/\/lamcdro.usthb.dz\/index.php\/equipes-de-recherche\/amcd-amarnef\/\">Equipe1\u00a0<\/a>:\u00a0\u00a0Multicrit\u00e8re \u00e0 la D\u00e9cision et Application aux Management des Risques, N\u00e9gociation et Finance<\/li>\n\n\n\n<li><a href=\"https:\/\/lamcdro.usthb.dz\/index.php\/equipes-de-recherche\/35-2\/\">Equipe2<\/a>\u00a0:\u00a0Optimisation Multi-Objectifs Discr\u00e8te<\/li>\n\n\n\n<li><a href=\"https:\/\/lamcdro.usthb.dz\/index.php\/equipes-de-recherche\/modelisation-et-optimisation-des-systemes-industriels-mosi\/\">Equipe3<\/a>\u00a0:\u00a0Mod\u00e9lisation et Optimisation des Syst\u00e8mes Industriels<\/li>\n\n\n\n<li><a href=\"https:\/\/lamcdro.usthb.dz\/index.php\/equipes-de-recherche\/modelisation-et-resolution-exacte-et-approchee-des-problemes-doptimisation-combinatoire-mrea-poc\/\">Equipe4<\/a>\u00a0:\u00a0Etude de structures, d&#8217;invariants et d&#8217;algorithmes dans les graphes et optimisation<\/li>\n<\/ul>\n<\/blockquote>\n","protected":false},"excerpt":{"rendered":"","protected":false},"author":1,"featured_media":0,"parent":0,"menu_order":0,"comment_status":"closed","ping_status":"closed","template":"","meta":{"footnotes":""},"class_list":["post-10","page","type-page","status-publish","hentry"],"_links":{"self":[{"href":"https:\/\/lamcdro.usthb.dz\/index.php\/wp-json\/wp\/v2\/pages\/10","targetHints":{"allow":["GET"]}}],"collection":[{"href":"https:\/\/lamcdro.usthb.dz\/index.php\/wp-json\/wp\/v2\/pages"}],"about":[{"href":"https:\/\/lamcdro.usthb.dz\/index.php\/wp-json\/wp\/v2\/types\/page"}],"author":[{"embeddable":true,"href":"https:\/\/lamcdro.usthb.dz\/index.php\/wp-json\/wp\/v2\/users\/1"}],"replies":[{"embeddable":true,"href":"https:\/\/lamcdro.usthb.dz\/index.php\/wp-json\/wp\/v2\/comments?post=10"}],"version-history":[{"count":9,"href":"https:\/\/lamcdro.usthb.dz\/index.php\/wp-json\/wp\/v2\/pages\/10\/revisions"}],"predecessor-version":[{"id":192,"href":"https:\/\/lamcdro.usthb.dz\/index.php\/wp-json\/wp\/v2\/pages\/10\/revisions\/192"}],"wp:attachment":[{"href":"https:\/\/lamcdro.usthb.dz\/index.php\/wp-json\/wp\/v2\/media?parent=10"}],"curies":[{"name":"wp","href":"https:\/\/api.w.org\/{rel}","templated":true}]}}