{"id":33,"date":"2023-05-30T12:33:29","date_gmt":"2023-05-30T12:33:29","guid":{"rendered":"http:\/\/193.194.89.179\/wp_lamcdro\/?page_id=33"},"modified":"2024-10-14T09:30:12","modified_gmt":"2024-10-14T09:30:12","slug":"amcd-amarnef","status":"publish","type":"page","link":"https:\/\/lamcdro.usthb.dz\/index.php\/equipes-de-recherche\/amcd-amarnef\/","title":{"rendered":"AMCD &amp; AMARNEF"},"content":{"rendered":"\n<h3 class=\"wp-block-heading has-blush-light-purple-gradient-background has-background\">Titre de l&#8217;\u00e9quipe : Aide Multicrit\u00e8re \u00e0 la D\u00e9cision et Application aux Management des Risques, N\u00e9gociation et Finance .<\/h3>\n\n\n\n<h3 class=\"wp-block-heading has-blush-light-purple-gradient-background has-background\"><strong>Chef de l\u2019\u00e9quipe&nbsp;:<\/strong> Professeur ABBAS Moncef<\/h3>\n\n\n\n<h3 class=\"wp-block-heading has-blush-light-purple-gradient-background has-background\"><strong>Liste exhaustive des membres de l\u2019\u00e9quipe<\/strong><\/h3>\n\n\n\n<figure class=\"wp-block-table is-style-stripes\"><table><tbody><tr><td><strong>Nom &amp; Pr\u00e9nom<\/strong><\/td><td><strong>Dernier dipl\u00f4me<\/strong><\/td><td><strong>GradeSp\u00e9cialit\u00e9<\/strong><\/td><td><strong>Structure de rattachement<\/strong><\/td><\/tr><tr><td>ABBAS Moncef<\/td><td>Doctorat d\u2019Etat <\/td><td>Professeur Math (RO)<\/td><td>USTHB<\/td><\/tr><tr><td>AIT MEHDI Meriem<\/td><td>Magister<\/td><td>MAA Math (RO)<\/td><td>U. Boumerdes<\/td><\/tr><tr><td>KERBOUI Roumeissa<\/td><td>Master<\/td><td>Doc Math (RO)<\/td><td>USTHB<\/td><\/tr><tr><td>LEMDANI Rachid<\/td><td>Magister<\/td><td>MAA DMath (RO)<\/td><td>U. M\u00e9d\u00e9a<\/td><\/tr><tr><td>BELLAHDID Nouara <\/td><td>Master<\/td><td>Doc Math (RO)<\/td><td>USTHB<\/td><\/tr><tr><td>SLIMI Boualem<\/td><td>Magister<\/td><td>MAA DMath (RO)<\/td><td>U. M\u00e9d\u00e9a<\/td><\/tr><\/tbody><\/table><\/figure>\n\n\n\n<p><\/p>\n\n\n\n<h3 class=\"wp-block-heading has-blush-light-purple-gradient-background has-background\"><strong>Objectifs de l\u2019\u00e9quipe<\/strong><\/h3>\n\n\n\n<blockquote class=\"wp-block-quote is-layout-flow wp-block-quote-is-layout-flow\">\n<p>L\u2019apport des outils et m\u00e9thodes math\u00e9matiques est de plus en plus pr\u00e9sent dans les d\u00e9veloppements technologiques dans ce monde o\u00f9 la complexit\u00e9 des ph\u00e9nom\u00e8nes s\u2019accro\u00eet, les interd\u00e9pendances se multiplient, les incertitudes associ\u00e9es \u00e0 chaque d\u00e9cision augmentent du fait des mutations brutales auxquelles l\u2019environnement est soumis. Aussi, une meilleure structuration des probl\u00e8mes, une qualit\u00e9 sup\u00e9rieure des analyses sont-elles n\u00e9cessaires.<br>La taille, la complexit\u00e9, de plus en plus croissante des institutions et les progr\u00e8s des sciences math\u00e9matiques (recherche op\u00e9rationnelle, probabilit\u00e9s et statistique, \u2026etc.) rendent chaque jour plus n\u00e9cessaire une formalisation accrue des m\u00e9thodes d\u2019aide \u00e0 la d\u00e9cision au moyen d\u2019instruments logiques qui peuvent \u00eatre facilement adapt\u00e9s \u00e0 l\u2019outil informatique.<br>Depuis presque quatre d\u00e9cennies, les chercheurs et les praticiens sont de plus en plus conscients de la pr\u00e9sence de crit\u00e8res multiples dans les probl\u00e8mes concrets de gestion et de d\u00e9cision, quelle que soit leur nature. C\u2019est ainsi, que plusieurs th\u00e9matiques parmi lesquelles l\u2019aide multicrit\u00e8re \u00e0 la d\u00e9cision ont \u00e9t\u00e9 d\u00e9velopp\u00e9es ces derni\u00e8res ann\u00e9es et des m\u00e9thodes ont \u00e9t\u00e9 mises au point dans ce cadre.<br>Nous envisageons dans le pr\u00e9sent travail \u00e0 \u00e9tudier ces m\u00e9thodes et outils d\u00e9velopp\u00e9s afin de les exploiter directement ou am\u00e9liorer certains et d\u00e9couvrir de nouveaux.<br>Ces \u00e9tudes auront un impact sur l\u2019am\u00e9lioration de la formation doctorale, la visibilit\u00e9 de la recherche, les outils et m\u00e9thodes de gestion et de prise de d\u00e9cision utilis\u00e9s dans les secteurs industriel et socio-\u00e9conomique. Nous envisageons de d\u00e9velopper des logiciels pour la prise de d\u00e9cision et la gestion de probl\u00e8mes concrets. L\u2019\u00e9quipe compte d\u00e9velopper de la recherche sur des th\u00e8mes qui rel\u00e8veront pour un premier temps des math\u00e9matiques fondamentales puis le c\u00f4t\u00e9 application des r\u00e9sultats trouv\u00e9s suivra.<\/p>\n<\/blockquote>\n\n\n\n<h3 class=\"wp-block-heading has-blush-light-purple-gradient-background has-background\"><strong>Les th\u00e8mes de recherches:<\/strong><\/h3>\n\n\n\n<blockquote class=\"wp-block-quote has-white-background-color has-background is-layout-flow wp-block-quote-is-layout-flow\">\n<ul class=\"has-background wp-block-list\" style=\"background:linear-gradient(135deg,rgb(255,206,236) 100%,rgb(152,150,240) 100%)\">\n<li><strong>Les th\u00e8mes pour lesquels nous nous sentons concern\u00e9s sont&nbsp;:<\/strong><\/li>\n\n\n\n<li>1- Mod\u00e9lisation de pr\u00e9f\u00e9rences<\/li>\n\n\n\n<li>2- Aide Multicrit\u00e8re \u00e0 la d\u00e9cision<\/li>\n\n\n\n<li>3- Management des Risques,<\/li>\n\n\n\n<li>4- programmation multi_objectif,<\/li>\n\n\n\n<li>5- Th\u00e9orie des graphes.<\/li>\n\n\n\n<li>6- Optimisation Multicrit\u00e8re Discr\u00e8te.<\/li>\n\n\n\n<li>7- Recherche Op\u00e9rationnelle.<\/li>\n\n\n\n<li>8- Optimisation dans les r\u00e9seaux.<\/li>\n<\/ul>\n<\/blockquote>\n","protected":false},"excerpt":{"rendered":"<p>Titre de l&#8217;\u00e9quipe : Aide Multicrit\u00e8re \u00e0 la D\u00e9cision et Application aux Management des Risques, N\u00e9gociation et Finance . Chef de l\u2019\u00e9quipe&nbsp;: Professeur ABBAS Moncef Liste exhaustive des membres de l\u2019\u00e9quipe Nom &amp; Pr\u00e9nom Dernier dipl\u00f4me GradeSp\u00e9cialit\u00e9 Structure de rattachement <span class=\"readmore\"><a href=\"https:\/\/lamcdro.usthb.dz\/index.php\/equipes-de-recherche\/amcd-amarnef\/\">Continue Reading<\/a><\/span><\/p>\n","protected":false},"author":1,"featured_media":0,"parent":10,"menu_order":0,"comment_status":"closed","ping_status":"closed","template":"","meta":{"footnotes":""},"class_list":["post-33","page","type-page","status-publish","hentry"],"_links":{"self":[{"href":"https:\/\/lamcdro.usthb.dz\/index.php\/wp-json\/wp\/v2\/pages\/33","targetHints":{"allow":["GET"]}}],"collection":[{"href":"https:\/\/lamcdro.usthb.dz\/index.php\/wp-json\/wp\/v2\/pages"}],"about":[{"href":"https:\/\/lamcdro.usthb.dz\/index.php\/wp-json\/wp\/v2\/types\/page"}],"author":[{"embeddable":true,"href":"https:\/\/lamcdro.usthb.dz\/index.php\/wp-json\/wp\/v2\/users\/1"}],"replies":[{"embeddable":true,"href":"https:\/\/lamcdro.usthb.dz\/index.php\/wp-json\/wp\/v2\/comments?post=33"}],"version-history":[{"count":10,"href":"https:\/\/lamcdro.usthb.dz\/index.php\/wp-json\/wp\/v2\/pages\/33\/revisions"}],"predecessor-version":[{"id":209,"href":"https:\/\/lamcdro.usthb.dz\/index.php\/wp-json\/wp\/v2\/pages\/33\/revisions\/209"}],"up":[{"embeddable":true,"href":"https:\/\/lamcdro.usthb.dz\/index.php\/wp-json\/wp\/v2\/pages\/10"}],"wp:attachment":[{"href":"https:\/\/lamcdro.usthb.dz\/index.php\/wp-json\/wp\/v2\/media?parent=33"}],"curies":[{"name":"wp","href":"https:\/\/api.w.org\/{rel}","templated":true}]}}