{"id":9,"date":"2023-05-30T12:20:57","date_gmt":"2023-05-30T12:20:57","guid":{"rendered":"http:\/\/193.194.89.179\/wp_lamcdro\/?page_id=9"},"modified":"2024-10-14T10:34:47","modified_gmt":"2024-10-14T10:34:47","slug":"acceuil","status":"publish","type":"page","link":"https:\/\/lamcdro.usthb.dz\/index.php\/acceuil\/","title":{"rendered":"Acceuil"},"content":{"rendered":"\n<blockquote class=\"wp-block-quote is-layout-flow wp-block-quote-is-layout-flow\">\n<p class=\"has-background\" style=\"background:linear-gradient(135deg,rgb(255,245,203) 7%,rgb(182,227,212) 66%,rgb(51,167,181) 100%)\">Les d\u00e9veloppements technologiques auxquels le monde est arriv\u00e9 ces derni\u00e8res ann\u00e9es dans plusieurs domaines, sont importants mais aussi tr\u00e8s complexes. Ces d\u00e9veloppements sont les fruits de recherches intenses et multidisciplinaires. Les math\u00e9matiques appliqu\u00e9es&nbsp;: Recherche Op\u00e9rationnelle, statistique, probabilit\u00e9s, et l\u2019informatique constituent une part non n\u00e9gligeable pour ces d\u00e9veloppements. C\u2019est dans ce cadre que s\u2019inscrit la recherche envisag\u00e9e dans le laboratoire de recherche LAMCDRO. Plus pr\u00e9cis\u00e9ment, nous d\u00e9veloppons des outils math\u00e9matiques et informatiques indispensables pour l\u2019aide (multicrit\u00e8re) \u00e0 la d\u00e9cision. Ces outils (m\u00e9thodes, logiciels, \u2026etc.) permettent de r\u00e9soudre, au sein d\u2019entreprises et organismes priv\u00e9s ou publiques, des probl\u00e8mes de management et de gestion, de g\u00e9rer les risques et les situations de crises et d\u2019aider \u00e0 l\u2019obtention de compromis lors des n\u00e9gociations.<br>Chacune des quatre \u00e9quipes du laboratoire travaille sur une th\u00e9matique donn\u00e9e de telle sorte que l\u2019ensemble couvre un volet important de la recherche op\u00e9rationnelle. Permettant ainsi d\u2019aborder des probl\u00e8mes complexes dans les secteurs socio-\u00e9conomiques.<br>Plus pr\u00e9cis\u00e9ment, la premi\u00e8re \u00e9quipe s\u2019int\u00e9resse \u00e0 l\u2019analyse multicrit\u00e8re et son application aux probl\u00e8mes de management des risques, \u00e0 la n\u00e9gociation et \u00e0 la finance. Le th\u00e8me trait\u00e9 par la seconde \u00e9quipe s\u2019articule autour du d\u00e9veloppement de m\u00e9thodes de l\u2019optimisation multi-objectifs discr\u00e8te.<br>La troisi\u00e8me \u00e9quipe focalise ses recherches autour de l\u2019optimisation des syst\u00e8mes industriels et logistiques qui constitue un enjeu essentiel pour la comp\u00e9titivit\u00e9 des entreprises de production et de distribution de biens. Il s\u2019agit d\u2019optimiser les activit\u00e9s allant de l\u2019approvisionnement aupr\u00e8s des fournisseurs jusqu\u2019\u00e0 la distribution aux clients en passant par toutes les \u00e9tapes interm\u00e9diaires de production, stockage et transport. Enfin, la quatri\u00e8me \u00e9quipe travaille sur l\u2019\u00e9laboration des outils de r\u00e9solution pour une classe de probl\u00e8mes d\u2019optimisation combinatoire, formul\u00e9s comme des programmes lin\u00e9aires en nombres entiers. <\/p>\n<\/blockquote>\n","protected":false},"excerpt":{"rendered":"<p>Les d\u00e9veloppements technologiques auxquels le monde est arriv\u00e9 ces derni\u00e8res ann\u00e9es dans plusieurs domaines, sont importants mais aussi tr\u00e8s complexes. Ces d\u00e9veloppements sont les fruits de recherches intenses et multidisciplinaires. Les math\u00e9matiques appliqu\u00e9es&nbsp;: Recherche Op\u00e9rationnelle, statistique, probabilit\u00e9s, et l\u2019informatique constituent <span class=\"readmore\"><a href=\"https:\/\/lamcdro.usthb.dz\/index.php\/acceuil\/\">Continue Reading<\/a><\/span><\/p>\n","protected":false},"author":1,"featured_media":0,"parent":0,"menu_order":0,"comment_status":"closed","ping_status":"closed","template":"","meta":{"footnotes":""},"class_list":["post-9","page","type-page","status-publish","hentry"],"_links":{"self":[{"href":"https:\/\/lamcdro.usthb.dz\/index.php\/wp-json\/wp\/v2\/pages\/9","targetHints":{"allow":["GET"]}}],"collection":[{"href":"https:\/\/lamcdro.usthb.dz\/index.php\/wp-json\/wp\/v2\/pages"}],"about":[{"href":"https:\/\/lamcdro.usthb.dz\/index.php\/wp-json\/wp\/v2\/types\/page"}],"author":[{"embeddable":true,"href":"https:\/\/lamcdro.usthb.dz\/index.php\/wp-json\/wp\/v2\/users\/1"}],"replies":[{"embeddable":true,"href":"https:\/\/lamcdro.usthb.dz\/index.php\/wp-json\/wp\/v2\/comments?post=9"}],"version-history":[{"count":10,"href":"https:\/\/lamcdro.usthb.dz\/index.php\/wp-json\/wp\/v2\/pages\/9\/revisions"}],"predecessor-version":[{"id":241,"href":"https:\/\/lamcdro.usthb.dz\/index.php\/wp-json\/wp\/v2\/pages\/9\/revisions\/241"}],"wp:attachment":[{"href":"https:\/\/lamcdro.usthb.dz\/index.php\/wp-json\/wp\/v2\/media?parent=9"}],"curies":[{"name":"wp","href":"https:\/\/api.w.org\/{rel}","templated":true}]}}